{"id":1344,"date":"2020-09-20T00:41:03","date_gmt":"2020-09-20T03:41:03","guid":{"rendered":"https:\/\/innovacion.goreaysen.cl\/ficwp\/?page_id=1344"},"modified":"2020-12-29T17:48:59","modified_gmt":"2020-12-29T20:48:59","slug":"iniciativas-2016","status":"publish","type":"page","link":"https:\/\/innovacion.goreaysen.cl\/ficwp\/iniciativas-2016\/","title":{"rendered":"Iniciativas 2016"},"content":{"rendered":"\n<p class=\"collapseomatic \" id=\"id69e0152e23a4b\"  tabindex=\"0\" title=\" Listado Iniciativas (Desplegar)\"    > Listado Iniciativas (Desplegar)<\/p><p id='swap-id69e0152e23a4b'  class='colomat-swap' style='display:none;'>Listado Iniciativas<\/p><div id=\"target-id69e0152e23a4b\" class=\"collapseomatic_content \">\n\n\n\n<figure class=\"wp-block-table\"><table><tbody><tr><td><strong>Entidad Ejecutora<\/strong><\/td><td>C\u00f3digo<strong> BIP<\/strong><\/td><td><strong>Nombre Proyecto<\/strong><\/td><td><strong>&nbsp;Monto Total&nbsp;&nbsp;<\/strong><\/td><td><strong>&nbsp;Aporte FIC-R<\/strong><\/td><\/tr><tr><td><strong>CORFO<\/strong><\/td><td>30464105<\/td><td>Fortalecimiento de la Estrategia Regional de Innovaci\u00f3n<\/td><td>&nbsp;&nbsp;&nbsp;&nbsp;&nbsp; 840.000.000<\/td><td>&nbsp;&nbsp; 840.000.000<\/td><\/tr><tr><td><strong>INNOVA<\/strong><\/td><td>30464105<\/td><td>Fortalecimiento de la Estrategia Regional de Innovaci\u00f3n<\/td><td>      760.000.000<\/td><td>   760.000.000<\/td><\/tr><tr><td><strong>FIA<\/strong><\/td><td>30465144<\/td><td>Convocatoria de Proyectos de Innovaci\u00f3n para la Regi\u00f3n de Ays\u00e9n<\/td><td>&nbsp;&nbsp;&nbsp;&nbsp;&nbsp; 870.000.000<\/td><td>&nbsp;&nbsp; 870.000.000<\/td><\/tr><\/tbody><\/table><\/figure>\n\n\n\n<\/div>\n\n\n\n<p class=\"collapseomatic \" id=\"id69e0152e23ad9\"  tabindex=\"0\" title=\"Acuerdo Core 1 (Desplegar)\"    >Acuerdo Core 1 (Desplegar)<\/p><p id='swap-id69e0152e23ad9'  class='colomat-swap' style='display:none;'>Acuerdo Core 1<\/p><div id=\"target-id69e0152e23ad9\" class=\"collapseomatic_content \">\n\n\n\n<div class=\"wp-block-algori-pdf-viewer-block-algori-pdf-viewer\"><iframe class=\"wp-block-algori-pdf-viewer-block-algori-pdf-viewer-iframe\" src=\"https:\/\/innovacion.goreaysen.cl\/ficwp\/wp-content\/plugins\/algori-pdf-viewer\/dist\/web\/viewer.html?file=https%3A%2F%2Finnovacion.goreaysen.cl%2Fficwp%2Fwp-content%2Fuploads%2F2020%2F09%2Facuer4396.pdf\" style=\"width:1200px;height:600px\"><\/iframe><\/div>\n\n\n\n<\/div>\n\n\n\n<p class=\"collapseomatic \" id=\"id69e0152e23b19\"  tabindex=\"0\" title=\"Acuerdo Core 2 (Desplegar)\"    >Acuerdo Core 2 (Desplegar)<\/p><p id='swap-id69e0152e23b19'  class='colomat-swap' style='display:none;'>Acuerdo Core 2<\/p><div id=\"target-id69e0152e23b19\" class=\"collapseomatic_content \">\n\n\n\n<div class=\"wp-block-algori-pdf-viewer-block-algori-pdf-viewer\"><iframe class=\"wp-block-algori-pdf-viewer-block-algori-pdf-viewer-iframe\" src=\"https:\/\/innovacion.goreaysen.cl\/ficwp\/wp-content\/plugins\/algori-pdf-viewer\/dist\/web\/viewer.html?file=https%3A%2F%2Finnovacion.goreaysen.cl%2Fficwp%2Fwp-content%2Fuploads%2F2020%2F09%2Facuer4407.pdf\" style=\"width:1200px;height:600px\"><\/iframe><\/div>\n\n\n\n<\/div>\n\n\n\n<p class=\"collapseomatic \" id=\"id69e0152e23b55\"  tabindex=\"0\" title=\"Fichas Res\u00famenes (Desplegar)\"    >Fichas Res\u00famenes (Desplegar)<\/p><p id='swap-id69e0152e23b55'  class='colomat-swap' style='display:none;'>Fichas Res\u00famenes<\/p><div id=\"target-id69e0152e23b55\" class=\"collapseomatic_content \">\n\n\n\n<p align='justify'><br><\/br><b> FORTALECIMIENTO DE LA ESTRATEGIA REGIONAL DE INNOVACI\u00d3N<\/b><\/br>\n<br><\/br><b>C\u00f3digo BIP: 30464105<\/b><\/br>\n<b>Monto solicitado al FIC ($): <\/b> 1.600.000.000 total, de los cuales, 840.000.000 fueron asignados a CORFO y 760.000.000 a Comit\u00e9 Innova Chile. <\/br>\n<b>Ejecutante: <\/b>  Corporaci\u00f3n de Fomento de la Producci\u00f3n y Comit\u00e9 Innova Chile<\/br>\n<b>Objetivo: <\/b>  Fortalecer el sistema regional de innovaci\u00f3n, en el marco de la implementaci\u00f3n de la Estrategia Regional de Innovaci\u00f3n (ERI), como tambi\u00e9n, permitir la ejecuci\u00f3n de iniciativas contenidas en el plan especial de desarrollo de zonas extremas (PEDZE). Por otro lado, la implementaci\u00f3n de las iniciativas de este programa se vincular\u00e1 con las definidas en las hojas de rutas de los Programas Estrat\u00e9gicos Regionales (PER), liderados por CORFO (turismo, ganader\u00eda y pesca).<\/br>\n<b>M\u00e9rito Innovador: <\/b>  El proyecto contempla proyectos con alto potencial de crecimiento, entorno propiciado para la innovaci\u00f3n y una cultura emprendedora, creatividad y el emprendimiento fomentada, proyectos que desarrollen bienes p\u00fablicos, apoyo emprendimiento e innovaci\u00f3n, prototipos innovaci\u00f3n social.<\/br>\n<b>Plazo de ejecuci\u00f3n: <\/b> 36 meses<\/br>\n<b>Estado: <\/b>  En ejecuci\u00f3n<\/br><\/p>\n<p align=\"center\"><b>Ficha del proyecto<\/b><br><a href=\"Falta archivo\"><img decoding=\"async\" src=\"https:\/\/innovacion.goreaysen.cl\/ficwp\/wp-content\/uploads\/2019\/06\/pdf_ico.png\" border=\"0\"><\/a> <\/p>\n\n<hr style=\"background-color:red; height: 3px;\">\n\n\n\n<p align='justify'><br><\/br><b> CONVOCATORIA DE PROYECTOS DE INNOVACI\u00d3N PARA LA REGI\u00d3N DE AYS\u00c9N<\/b><\/br>\n<br><\/br><b>C\u00f3digo BIP: 30465144<\/b><\/br>\n<b>Monto solicitado al FIC ($): <\/b>870.000.000<\/br>\n<b>Ejecutante: <\/b>  Fundaci\u00f3n de la Innovaci\u00f3n Agraria<\/br>\n<b>Objetivo: <\/b>  Cofinanciar iniciativas proyectos que contribuyan a fomentar una cultura de la innovaci\u00f3n en el sector agrario, agroalimentario y forestal, de manera de mejorar las condiciones de vida de las agricultoras y agricultores, como respuesta a que la regi\u00f3n de Ays\u00e9n presenta limitaciones de car\u00e1cter transversal que afectan a todas las actividades productivas silvoagropecuarias y que limitan su capacidad de llevar a cabo procesos de innovaci\u00f3n en los diferentes rubros, dificultando la ejecuci\u00f3n de acciones que permitan mejorar la competitividad del territorio.<\/br>\n<b>M\u00e9rito Innovador: <\/b>  El proyecto contempla cofinanciar al menos 8 proyectos de innovaci\u00f3n agraria en la regi\u00f3n, en las l\u00edneas tem\u00e1ticas de agricultura sustentable y patrimonio agroalimentario regional, y un diplomado en innovaci\u00f3n y emprendimiento para profesionales y t\u00e9cnicos de la regi\u00f3n para el fortalecimiento de capacidades en sector productivo y sector p\u00fablico de la regi\u00f3n.<\/br>\n<b>Plazo de ejecuci\u00f3n: <\/b> 48 meses<\/br>\n<b>Estado: <\/b>  En ejecuci\u00f3n<\/br><\/p>\n<p align=\"center\"><b>Ficha del proyecto<\/b><br><a href=\"Falta archivo\"><img decoding=\"async\" src=\"https:\/\/innovacion.goreaysen.cl\/ficwp\/wp-content\/uploads\/2019\/06\/pdf_ico.png\" border=\"0\"><\/a> <\/p>\n\n<hr style=\"background-color:red; height: 3px;\">\n\n\n\n<\/div>\n","protected":false},"excerpt":{"rendered":"","protected":false},"author":1,"featured_media":0,"parent":0,"menu_order":0,"comment_status":"closed","ping_status":"closed","template":"","meta":{"neve_meta_sidebar":"full-width","neve_meta_container":"","neve_meta_enable_content_width":"on","neve_meta_content_width":100,"neve_meta_title_alignment":"","neve_meta_author_avatar":"","neve_post_elements_order":"","neve_meta_disable_header":"","neve_meta_disable_footer":"","neve_meta_disable_title":"","_themeisle_gutenberg_block_has_review":false,"_ti_tpc_template_sync":false,"_ti_tpc_template_id":"","footnotes":""},"class_list":["post-1344","page","type-page","status-publish","hentry"],"_links":{"self":[{"href":"https:\/\/innovacion.goreaysen.cl\/ficwp\/wp-json\/wp\/v2\/pages\/1344"}],"collection":[{"href":"https:\/\/innovacion.goreaysen.cl\/ficwp\/wp-json\/wp\/v2\/pages"}],"about":[{"href":"https:\/\/innovacion.goreaysen.cl\/ficwp\/wp-json\/wp\/v2\/types\/page"}],"author":[{"embeddable":true,"href":"https:\/\/innovacion.goreaysen.cl\/ficwp\/wp-json\/wp\/v2\/users\/1"}],"replies":[{"embeddable":true,"href":"https:\/\/innovacion.goreaysen.cl\/ficwp\/wp-json\/wp\/v2\/comments?post=1344"}],"version-history":[{"count":4,"href":"https:\/\/innovacion.goreaysen.cl\/ficwp\/wp-json\/wp\/v2\/pages\/1344\/revisions"}],"predecessor-version":[{"id":1475,"href":"https:\/\/innovacion.goreaysen.cl\/ficwp\/wp-json\/wp\/v2\/pages\/1344\/revisions\/1475"}],"wp:attachment":[{"href":"https:\/\/innovacion.goreaysen.cl\/ficwp\/wp-json\/wp\/v2\/media?parent=1344"}],"curies":[{"name":"wp","href":"https:\/\/api.w.org\/{rel}","templated":true}]}}