{"id":24,"date":"2019-05-29T23:12:17","date_gmt":"2019-05-29T21:12:17","guid":{"rendered":"http:\/\/localhost\/ficwp\/?page_id=24"},"modified":"2020-09-14T03:15:12","modified_gmt":"2020-09-14T06:15:12","slug":"presentacion","status":"publish","type":"page","link":"https:\/\/innovacion.goreaysen.cl\/ficwp\/","title":{"rendered":"Presentaci\u00f3n"},"content":{"rendered":"\n<p style=\"text-align:justify\">El Fondo de Innovaci\u00f3n para la Competitividad (FIC) fue creado el a\u00f1o 2006 y constituye el principal instrumento para dotar de nuevos y mayores recursos los distintos esfuerzos que el Estado realiza en torno a la innovaci\u00f3n, siguiendo los siete ejes estrat\u00e9gicos de la Pol\u00edtica de Innovaci\u00f3n definida por el Comit\u00e9 de Ministros para la Innovaci\u00f3n que preside el titular de Econom\u00eda. Con la creaci\u00f3n del Ministerio de Ciencia, Tecnolog\u00eda, Conocimiento e Innovaci\u00f3n en 2018, se inici\u00f3 un proceso de elaboraci\u00f3n de una pol\u00edtica nacional con participaci\u00f3n de los actores regionales en actividades en el a\u00f1o 2019.<\/p>\n<p><\/p>\n<p style=\"text-align:justify\">En la regi\u00f3n de Ays\u00e9n, el FIC se comenz\u00f3 a implementar en el a\u00f1o 2008, totalizando a diciembre de 2019 un monto invertido cercano a los 13 mil millones de pesos.\n. <\/p>\n\n\n\n<p class=\"has-text-align-center\"><img decoding=\"async\" class=\"wp-image-1153\" style=\"width: 600px;\" src=\"https:\/\/innovacion.goreaysen.cl\/ficwp\/wp-content\/uploads\/2020\/09\/Grafico1_2020-1.jpg\" alt=\"\"><\/p>\n\n\n\n<p style=\"text-align:justify\">El FIC ha financiado un total 102 iniciativas, de las cuales 32 a\u00fan se encuentran en ejecuci\u00f3n. Del total, 49 de ellas han sido aprobadas bajo la modalidad de concurso, y las restantes fueron asignaciones directas.<\/p>\n\n\n\n<p class=\"has-text-align-center\"><img decoding=\"async\" class=\"wp-image-1154\" style=\"width: 600px;\" src=\"https:\/\/innovacion.goreaysen.cl\/ficwp\/wp-content\/uploads\/2020\/09\/Grafico2_2020-1.jpg\" alt=\"\"><\/p>\n\n\n\n<p style=\"text-align:justify\">Las entidades receptoras con mayor cantidad de recursos asignados de la provisi\u00f3n FIC en estos 12 a\u00f1os han sido CONICYT, INNOVA, FIA, CIEP, CORFO y UACH, con el 69% de los recursos financieros.<\/p>\n\n\n\n<p class=\"has-text-align-center\"><img decoding=\"async\" class=\"wp-image-1155\" style=\"width: 600px;\" src=\"https:\/\/innovacion.goreaysen.cl\/ficwp\/wp-content\/uploads\/2020\/09\/Grafico3_2020-1.jpg\" alt=\"\"><\/p>\n\n\n\n<p style=\"text-align:justify\">En el periodo de ejecuci\u00f3n del FIC 2008-2019, se han invertido mayoritariamente en los siguientes cinco sectores: multisectorial, silvoagropecuario, pesca, industria, comercio, finanzas y turismo, y educaci\u00f3n, cultura y patrimonio. Multisectorial principalmente correspondi\u00f3 a iniciativas de emprendimiento e innovaci\u00f3n sin un sector en particular, as\u00ed como financiamiento para la creaci\u00f3n del CIEP.<\/p>\n\n\n\n<p class=\"has-text-align-center\"><img decoding=\"async\" class=\"wp-image-1156\" style=\"width: 600px;\" src=\"https:\/\/innovacion.goreaysen.cl\/ficwp\/wp-content\/uploads\/2020\/09\/Grafico4_2020-1.jpg\" alt=\"\"><\/p>\n","protected":false},"excerpt":{"rendered":"<p>El Fondo de Innovaci\u00f3n para la Competitividad (FIC) fue creado el a\u00f1o 2006 y constituye el principal instrumento para dotar de nuevos y mayores recursos los distintos esfuerzos que el Estado realiza en torno a la innovaci\u00f3n, siguiendo los siete ejes estrat\u00e9gicos de la Pol\u00edtica de Innovaci\u00f3n definida por el Comit\u00e9 de Ministros para la&hellip;&nbsp;<a href=\"https:\/\/innovacion.goreaysen.cl\/ficwp\/\" class=\"\" rel=\"bookmark\">Leer m\u00e1s &raquo;<span class=\"screen-reader-text\">Presentaci\u00f3n<\/span><\/a><\/p>\n","protected":false},"author":1,"featured_media":0,"parent":0,"menu_order":0,"comment_status":"closed","ping_status":"closed","template":"","meta":{"neve_meta_sidebar":"","neve_meta_container":"","neve_meta_enable_content_width":"off","neve_meta_content_width":0,"neve_meta_title_alignment":"","neve_meta_author_avatar":"","neve_post_elements_order":"","neve_meta_disable_header":"","neve_meta_disable_footer":"","neve_meta_disable_title":"","_themeisle_gutenberg_block_has_review":false,"_ti_tpc_template_sync":false,"_ti_tpc_template_id":"","footnotes":""},"class_list":["post-24","page","type-page","status-publish","hentry"],"_links":{"self":[{"href":"https:\/\/innovacion.goreaysen.cl\/ficwp\/wp-json\/wp\/v2\/pages\/24"}],"collection":[{"href":"https:\/\/innovacion.goreaysen.cl\/ficwp\/wp-json\/wp\/v2\/pages"}],"about":[{"href":"https:\/\/innovacion.goreaysen.cl\/ficwp\/wp-json\/wp\/v2\/types\/page"}],"author":[{"embeddable":true,"href":"https:\/\/innovacion.goreaysen.cl\/ficwp\/wp-json\/wp\/v2\/users\/1"}],"replies":[{"embeddable":true,"href":"https:\/\/innovacion.goreaysen.cl\/ficwp\/wp-json\/wp\/v2\/comments?post=24"}],"version-history":[{"count":12,"href":"https:\/\/innovacion.goreaysen.cl\/ficwp\/wp-json\/wp\/v2\/pages\/24\/revisions"}],"predecessor-version":[{"id":1290,"href":"https:\/\/innovacion.goreaysen.cl\/ficwp\/wp-json\/wp\/v2\/pages\/24\/revisions\/1290"}],"wp:attachment":[{"href":"https:\/\/innovacion.goreaysen.cl\/ficwp\/wp-json\/wp\/v2\/media?parent=24"}],"curies":[{"name":"wp","href":"https:\/\/api.w.org\/{rel}","templated":true}]}}