{"id":26,"date":"2019-05-29T23:12:17","date_gmt":"2019-05-29T21:12:17","guid":{"rendered":"http:\/\/localhost\/ficwp\/?page_id=26"},"modified":"2019-10-07T11:31:57","modified_gmt":"2019-10-07T14:31:57","slug":"concursos","status":"publish","type":"page","link":"https:\/\/innovacion.goreaysen.cl\/ficwp\/concursos\/","title":{"rendered":"Concursos"},"content":{"rendered":"\n<p style=\"text-align:justify\">El Gobierno Regional de Ays\u00e9n orienta esfuerzos en estimular al emprendimiento y la innovaci\u00f3n, promoviendo todo el actuar y las condiciones que les favorezcan, lo que se expresa en la disposici\u00f3n de recursos de la provisi\u00f3n Fondo de Innovaci\u00f3n para la Competitividad (FIC) para el financiamiento de iniciativas coherentes con la Pol\u00edtica Regional de Ciencia, Tecnolog\u00eda e Innovaci\u00f3n (2011-2030) y Estrategia Regional de Innovaci\u00f3n (ERI) Regi\u00f3n de Ays\u00e9n 2014 \u2013 2020, instrumento que se considera como documento rector de la innovaci\u00f3n regional. Se espera que las iniciativas seleccionadas en cada concurso contribuyan al logro de resultados que impactan positivamente en la competitividad regional dentro de un contexto de sostenibilidad ambiental, bienestar social y econ\u00f3mico, mediante la innovaci\u00f3n y en base a sus capitales naturales, humanos y sociales.<\/p>\n<\/b>\n","protected":false},"excerpt":{"rendered":"<p>El Gobierno Regional de Ays\u00e9n orienta esfuerzos en estimular al emprendimiento y la innovaci\u00f3n, promoviendo todo el actuar y las condiciones que les favorezcan, lo que se expresa en la disposici\u00f3n de recursos de la provisi\u00f3n Fondo de Innovaci\u00f3n para la Competitividad (FIC) para el financiamiento de iniciativas coherentes con la Pol\u00edtica Regional de Ciencia,&hellip;&nbsp;<a href=\"https:\/\/innovacion.goreaysen.cl\/ficwp\/concursos\/\" class=\"\" rel=\"bookmark\">Leer m\u00e1s &raquo;<span class=\"screen-reader-text\">Concursos<\/span><\/a><\/p>\n","protected":false},"author":1,"featured_media":0,"parent":0,"menu_order":0,"comment_status":"closed","ping_status":"closed","template":"","meta":{"neve_meta_sidebar":"","neve_meta_container":"","neve_meta_enable_content_width":"","neve_meta_content_width":70,"neve_meta_title_alignment":"","neve_meta_author_avatar":"","neve_post_elements_order":"","neve_meta_disable_header":"","neve_meta_disable_footer":"","neve_meta_disable_title":"","_themeisle_gutenberg_block_has_review":false,"_ti_tpc_template_sync":false,"_ti_tpc_template_id":"","footnotes":""},"class_list":["post-26","page","type-page","status-publish","hentry"],"_links":{"self":[{"href":"https:\/\/innovacion.goreaysen.cl\/ficwp\/wp-json\/wp\/v2\/pages\/26"}],"collection":[{"href":"https:\/\/innovacion.goreaysen.cl\/ficwp\/wp-json\/wp\/v2\/pages"}],"about":[{"href":"https:\/\/innovacion.goreaysen.cl\/ficwp\/wp-json\/wp\/v2\/types\/page"}],"author":[{"embeddable":true,"href":"https:\/\/innovacion.goreaysen.cl\/ficwp\/wp-json\/wp\/v2\/users\/1"}],"replies":[{"embeddable":true,"href":"https:\/\/innovacion.goreaysen.cl\/ficwp\/wp-json\/wp\/v2\/comments?post=26"}],"version-history":[{"count":4,"href":"https:\/\/innovacion.goreaysen.cl\/ficwp\/wp-json\/wp\/v2\/pages\/26\/revisions"}],"predecessor-version":[{"id":699,"href":"https:\/\/innovacion.goreaysen.cl\/ficwp\/wp-json\/wp\/v2\/pages\/26\/revisions\/699"}],"wp:attachment":[{"href":"https:\/\/innovacion.goreaysen.cl\/ficwp\/wp-json\/wp\/v2\/media?parent=26"}],"curies":[{"name":"wp","href":"https:\/\/api.w.org\/{rel}","templated":true}]}}